{"id":2203,"date":"2020-09-29T15:50:19","date_gmt":"2020-09-29T13:50:19","guid":{"rendered":"https:\/\/www.pilatuspartners.ch\/?page_id=2203"},"modified":"2025-09-09T14:58:49","modified_gmt":"2025-09-09T12:58:49","slug":"regulatory-information","status":"publish","type":"page","link":"https:\/\/www.pilatuspartners.ch\/en\/regulatory-information\/","title":{"rendered":"Regulatory Information"},"content":{"rendered":"<p><span style=\"font-weight: 400;\">FinSA Client information<\/span><\/p>\n<p><span style=\"font-weight: 400;\">Based on the legal requirements of Art. 8ff. of the Financial Services Act (FINSA), we would like to supply you with this information sheet which provides an overview of Pilatus Partners AG (hereinafter referred to as the \u00abfinancial institution\u00bb) and its services.<\/span><\/p>\n<p><b>A. Company information<\/b><\/p>\n<p><b>Address<\/b><\/p>\n<p><span style=\"font-weight: 400;\">Pilatus Partners AG<\/span><span style=\"font-weight: 400;\"><br \/>\n<\/span><span style=\"font-weight: 400;\">Papieri-Ring 6<\/span><span style=\"font-weight: 400;\"><br \/>\n<\/span><span style=\"font-weight: 400;\">CH \u2013 6330 Cham<\/span><span style=\"font-weight: 400;\"><br \/>\n<\/span><span style=\"font-weight: 400;\">Phone: +41 41 784 18 90<\/span><span style=\"font-weight: 400;\"><br \/>\n<\/span><span style=\"font-weight: 400;\">E-Mail: info@pilatuspartners.ch<\/span><span style=\"font-weight: 400;\"><br \/>\n<\/span><span style=\"font-weight: 400;\">Website: www.pilatuspartners.ch<\/span><\/p>\n<p><span style=\"font-weight: 400;\">The financial institution was established in 2013.<\/span><\/p>\n<p><b>Supervisory authority and audit firm<\/b><\/p>\n<p><span style=\"font-weight: 400;\">Das Finanzinstitut hat von 2013 \u2013 2025 die Bewilligung als Verwalter von Kollektivverm\u00f6gen besessen und der prudenziellen Aufsicht durch die Eidgen\u00f6ssische Finanzmarktaufsicht FINMA unterstanden. 2025 hat das Finanzinstitut die Bewilligung als Verm\u00f6gensverwalter erhalten und wird von der Aufsichtsorganisation AOOS \u2013 Schweizerische Aktiengesellschaft f\u00fcr Aufsicht beaufsichtigt. Das Finanzinstitut wird durch die Pr\u00fcfgesellschaft ASMA Asset Management AG sowohl aufsichtsrechtlich als auch obligationsrechtlich gepr\u00fcft. Die Anschrift der Aufsichtsorganisation und der Pr\u00fcfgesellschaft finden sich nachfolgend.\u00a0<\/span><\/p>\n<p><span style=\"font-weight: 400;\">The financial institution held a license as a manager of collective assets from 2013 to 2025 and was subject to prudential supervision by the Swiss Financial Market Supervisory Authority FINMA. In 2025, the financial institution received approval as an asset manager and is supervised by the supervisory organization AOOS \u2013 Swiss Supervisory Corporation. The financial institution is audited by the auditing company ASMA Asset Management AG in accordance with both supervisory and contractual requirements. The addresses of the supervisory organization and the auditing company are listed below.<\/span><\/p>\n<p><span style=\"font-weight: 400;\">Supervisory Organization: AOOS \u2013Swiss Supervisory Corporation<\/span><\/p>\n<p><span style=\"font-weight: 400;\">Clausiusstrasse 50<\/span><span style=\"font-weight: 400;\"><br \/>\n<\/span><span style=\"font-weight: 400;\">8006 Zurich<\/span><span style=\"font-weight: 400;\"><br \/>\n<\/span><span style=\"font-weight: 400;\">Phone: + 41 44 215 98 98<\/span><span style=\"font-weight: 400;\"><br \/>\n<\/span><span style=\"font-weight: 400;\">E-Mail: info@aoos.ch<\/span><span style=\"font-weight: 400;\"><br \/>\n<\/span><span style=\"font-weight: 400;\">Website: www.aoos.ch<\/span><\/p>\n<p><span style=\"font-weight: 400;\">Audit firm: ASMA Asset Management Audit &amp; Compliance SA<\/span><\/p>\n<p><span style=\"font-weight: 400;\">B\u00e4ndliweg 20<\/span><span style=\"font-weight: 400;\"><br \/>\n<\/span><span style=\"font-weight: 400;\">CH \u2013 8048 Zurich<\/span><span style=\"font-weight: 400;\"><br \/>\n<\/span><span style=\"font-weight: 400;\">Phone: +41 44 503 53 40<\/span><span style=\"font-weight: 400;\"><br \/>\n<\/span><span style=\"font-weight: 400;\">E-Mail: info@amaudit.ch<\/span><span style=\"font-weight: 400;\"><br \/>\n<\/span><span style=\"font-weight: 400;\">Website: www.amaudit.ch<\/span><\/p>\n<p><b>Ombudsman<\/b><\/p>\n<p><span style=\"font-weight: 400;\">The financial institution is affiliated with the independent ombudsman office FINOS, which is recognized by the Federal Department of Finance. Disputes concerning legal claims between the client and the financial services provider should be settled by an ombudsman&#8217;s office, if possible, within the framework of a mediation procedure. The address of office FINOS is stated below.<\/span><\/p>\n<p><span style=\"font-weight: 400;\">FINOS \u2013 Swiss Ombudsman service\u00a0<\/span><\/p>\n<p><span style=\"font-weight: 400;\">Talstrasse 20<\/span><span style=\"font-weight: 400;\"><br \/>\n<\/span><span style=\"font-weight: 400;\">8001 Zurich<\/span><span style=\"font-weight: 400;\"><br \/>\n<\/span><span style=\"font-weight: 400;\">Phone: +41 44 552 08 00<\/span><span style=\"font-weight: 400;\"><br \/>\n<\/span><span style=\"font-weight: 400;\">E-Mail: info@finos.ch<\/span><span style=\"font-weight: 400;\"><br \/>\n<\/span><span style=\"font-weight: 400;\">Website: www.finos.ch<\/span><\/p>\n<p><b>B. Information on the offered financial services<\/b><\/p>\n<p><span style=\"font-weight: 400;\">The financial institution provides portfolio management services, portfolio-based and transaction-based investment advisory services as well as execution-only services (execution business) to its clients.\u00a0<\/span><\/p>\n<p><span style=\"font-weight: 400;\">In the case of a transaction-based investment advisory mandate with the financial institution, a personal recommendation relating to individual financial instruments is provided to the client. The decision to buy or sell remains always ultimately with the client.<\/span><\/p>\n<p><span style=\"font-weight: 400;\">The financial institution does not guarantee any yield nor performance of investment activities. The investment activity can therefore lead to an appreciation or a depreciation in value.<\/span><\/p>\n<p><span style=\"font-weight: 400;\">The financial institution also provides services in the area of multi-family offices.<\/span><\/p>\n<p><span style=\"font-weight: 400;\">The financial institution has all the necessary licences to perform the services described above.<\/span><\/p>\n<p><b>C. Client segmentation<\/b><\/p>\n<p><span style=\"font-weight: 400;\">Financial service providers are required to classify their clients into a client segmentation according to the law and adhere to the respective code-of-conduct. The Financial Services Act provides for \u00abretail clients\u00bb, \u00abprofessional clients\u00bb and \u00abinstitutional clients\u00bb segments. For each client, a client classification is determined within the framework of the cooperation with the financial institution. Subject to certain conditions, the client may change the client classification by opting out.<\/span><\/p>\n<p><b>D. Information on risks and costs<\/b><\/p>\n<p><b>General risks associated with financial instruments transactions<\/b><\/p>\n<p><span style=\"font-weight: 400;\">The investment advisory and portfolio management services involve financial risks. The financial institution shall provide all clients with the \u00abRisks associated with Financial Instruments Transactions\u00bb brochure prior to the execution of the contract. This brochure can also be found at <\/span><a href=\"http:\/\/www.swissbanking.ch\"><span style=\"font-weight: 400;\">www.swissbanking.ch<\/span><\/a><span style=\"font-weight: 400;\">.<\/span><\/p>\n<p><span style=\"font-weight: 400;\">Clients of the financial institution may contact their client advisor at any time if they have any further questions.<\/span><\/p>\n<p><b>Risks associated with the offered services<\/b><\/p>\n<p><span style=\"font-weight: 400;\">For a description of the various risks that may arise from the investment strategy for clients\u2019 assets, please refer to the relevant investment advisory or portfolio management agreements as well as execution-only services.<\/span><\/p>\n<p><span style=\"font-weight: 400;\">If unusual concentrations of risk within the client portfolio cannot be ruled out, the nature and extent of such concentration risks shall be disclosed to the client. Indicators of such unusual concentrations of risk are:<\/span><\/p>\n<ul>\n<li><span style=\"font-weight: 400;\">a concentration of 10% or more in individual securities;<\/span><\/li>\n<li><span style=\"font-weight: 400;\">a concentration of 20% or more in individual issuers.<\/span><\/li>\n<\/ul>\n<p><span style=\"font-weight: 400;\">Concentrations from collective investment schemes that are subject to regulatory risk diversification rules, such as UCITS funds and Swiss securities funds, are excluded.<\/span><\/p>\n<p><span style=\"font-weight: 400;\">In the case of investment advice, the financial institution shall provide its retail clients with the basic information sheet of the recommended financial instrument.<\/span><\/p>\n<p><b>Information on costs<\/b><\/p>\n<p><span style=\"font-weight: 400;\">A fee is charged for the services provided, which is normally calculated on the basis of gross assets and a fee basis. For more detailed information, please refer to the relevant investment advisory, portfolio management or execution-only agreements.<\/span><\/p>\n<p><span style=\"font-weight: 400;\">If it is not possible to determine the actual amount of remuneration or third-party services before the financial service is provided or the agreement is concluded, the financial institution shall inform the client of the range of the respective remunerations, taking into account the different asset classes and financial instruments.\u00a0<\/span><\/p>\n<p><span style=\"font-weight: 400;\">In the case of asset management and portfolio-based investment advice, if the exact amount of third-party remuneration cannot be determined in advance, the client shall be informed of the range of the expected remuneration in relation to the portfolio value and the agreed investment strategy.<\/span><\/p>\n<p><b>E. Information about relationships with third parties<\/b><\/p>\n<p><span style=\"font-weight: 400;\">In connection with the financial services offered by the financial institution, economic ties may exist with third parties. The acceptance of payments from third parties as well as their treatment are regulated in detail and comprehensively in the respective investment advisory, portfolio management as well as execution-only agreements.\u00a0<\/span><\/p>\n<p><b>F. Information on the market offer considered<\/b><\/p>\n<p><span style=\"font-weight: 400;\">The financial institution basically follows an \u00abopen universe approach\u00bb and tries to make the best possible choice for the client when selecting financial instruments.\u00a0<\/span><\/p>\n<p><span style=\"font-weight: 400;\">If the financial institution offers both its own and third-party financial instruments in its market offering, it shall take appropriate organisational measures, such as implementing a procedure for selecting financial instruments based on objective criteria customary in the industry. If the possibility of clients being disadvantaged cannot be excluded, the financial institution shall disclose this to its clients.<\/span><\/p>\n<p><b><\/b><b>G. Appropriateness and suitability<\/b><\/p>\n<p><b>Appropriateness test for transaction-based investment advice<\/b><\/p>\n<p><span style=\"font-weight: 400;\">In the case of transaction-based investment advice, the financial institution provides investment advice for individual transactions without taking into account the entire client portfolio.<\/span><\/p>\n<p><span style=\"font-weight: 400;\">In this case, the financial institution must ascertain the client&#8217;s knowledge and experience before recommending financial instruments. In addition, before recommending financial instruments, it must be determined whether they are appropriate for the client.<\/span><\/p>\n<p><span style=\"font-weight: 400;\">In particular, the company must ensure that it is aware of the client&#8217;s knowledge and experience in relation to each relevant investment category used in the financial service.<\/span><\/p>\n<p><b>Suitability test for portfolio-based investment advice and asset management<\/b><\/p>\n<p><span style=\"font-weight: 400;\">When providing portfolio-based investment advice, the financial institution provides investment advice that takes into account the client portfolio. When providing asset management services, the financial institution must also take into account the entirety of the client portfolio it manages. In contrast to investment advice, it also makes the investment decision itself.<\/span><\/p>\n<p><span style=\"font-weight: 400;\">In both these cases, the financial institution must determine the financial circumstances and investment objectives as well as the knowledge and experience of the clients. In this context, the knowledge and experience relates to the financial service and not to the individual transactions.<\/span><\/p>\n<p><span style=\"font-weight: 400;\">The information gathered by the financial institution about the knowledge and experience of the clients must take account of the investment strategy, and the granularity of the survey must be adapted to the complexity and risk profile of the investment and the investment strategy. In particular, the financial institution must be certain about the knowledge and experience of the clients in relation to each relevant investment category used in the financial service.<\/span><\/p>\n<p>&nbsp;<\/p>\n","protected":false},"excerpt":{"rendered":"<p>FinSA Client information Based on the legal requirements of Art. 8ff. of the Financial Services Act (FINSA), we would like to supply you with this information sheet which provides an overview of Pilatus Partners AG (hereinafter referred to as the \u00abfinancial institution\u00bb) and its services. A. Company information Address Pilatus Partners AG Papieri-Ring 6 CH [&hellip;]<\/p>\n","protected":false},"author":5,"featured_media":0,"parent":0,"menu_order":0,"comment_status":"closed","ping_status":"closed","template":"","meta":{"_acf_changed":false,"footnotes":""},"class_list":["post-2203","page","type-page","status-publish","hentry"],"acf":[],"aioseo_notices":[],"_links":{"self":[{"href":"https:\/\/www.pilatuspartners.ch\/en\/wp-json\/wp\/v2\/pages\/2203","targetHints":{"allow":["GET"]}}],"collection":[{"href":"https:\/\/www.pilatuspartners.ch\/en\/wp-json\/wp\/v2\/pages"}],"about":[{"href":"https:\/\/www.pilatuspartners.ch\/en\/wp-json\/wp\/v2\/types\/page"}],"author":[{"embeddable":true,"href":"https:\/\/www.pilatuspartners.ch\/en\/wp-json\/wp\/v2\/users\/5"}],"replies":[{"embeddable":true,"href":"https:\/\/www.pilatuspartners.ch\/en\/wp-json\/wp\/v2\/comments?post=2203"}],"version-history":[{"count":20,"href":"https:\/\/www.pilatuspartners.ch\/en\/wp-json\/wp\/v2\/pages\/2203\/revisions"}],"predecessor-version":[{"id":4063,"href":"https:\/\/www.pilatuspartners.ch\/en\/wp-json\/wp\/v2\/pages\/2203\/revisions\/4063"}],"wp:attachment":[{"href":"https:\/\/www.pilatuspartners.ch\/en\/wp-json\/wp\/v2\/media?parent=2203"}],"curies":[{"name":"wp","href":"https:\/\/api.w.org\/{rel}","templated":true}]}}